{"id":52,"date":"2022-01-07T20:59:57","date_gmt":"2022-01-07T20:59:57","guid":{"rendered":"https:\/\/fboguatemala.com\/?page_id=52"},"modified":"2022-01-11T20:51:44","modified_gmt":"2022-01-11T20:51:44","slug":"servicios-vip-para-tripulacion-y-pasajeros","status":"publish","type":"page","link":"https:\/\/fboguatemala.com\/en\/servicios-vip-para-tripulacion-y-pasajeros\/","title":{"rendered":"VIP CREW AND PASSENGERS SERVICES"},"content":{"rendered":"<div data-elementor-type=\"wp-page\" data-elementor-id=\"52\" class=\"elementor elementor-52\">\n\t\t\t\t\t\t<section class=\"elementor-section elementor-top-section elementor-element elementor-element-71a6ad65 elementor-section-content-middle elementor-section-boxed elementor-section-height-default elementor-section-height-default\" data-id=\"71a6ad65\" data-element_type=\"section\">\n\t\t\t\t\t\t<div class=\"elementor-container elementor-column-gap-no\">\n\t\t\t\t\t<div class=\"elementor-column elementor-col-33 elementor-top-column elementor-element elementor-element-625cf64d\" data-id=\"625cf64d\" data-element_type=\"column\">\n\t\t\t<div class=\"elementor-widget-wrap elementor-element-populated\">\n\t\t\t\t\t\t<div class=\"elementor-element elementor-element-45daf9b0 elementor-widget elementor-widget-text-editor\" data-id=\"45daf9b0\" data-element_type=\"widget\" data-widget_type=\"text-editor.default\">\n\t\t\t\t<div class=\"elementor-widget-container\">\n\t\t\t<style>\/*! elementor - v3.19.0 - 28-02-2024 *\/\n.elementor-widget-text-editor.elementor-drop-cap-view-stacked .elementor-drop-cap{background-color:#69727d;color:#fff}.elementor-widget-text-editor.elementor-drop-cap-view-framed .elementor-drop-cap{color:#69727d;border:3px solid;background-color:transparent}.elementor-widget-text-editor:not(.elementor-drop-cap-view-default) .elementor-drop-cap{margin-top:8px}.elementor-widget-text-editor:not(.elementor-drop-cap-view-default) .elementor-drop-cap-letter{width:1em;height:1em}.elementor-widget-text-editor .elementor-drop-cap{float:left;text-align:center;line-height:1;font-size:50px}.elementor-widget-text-editor .elementor-drop-cap-letter{display:inline-block}<\/style>\t\t\t\t<p>Quality services<\/p>\t\t\t\t\t\t<\/div>\n\t\t\t\t<\/div>\n\t\t\t\t<div class=\"elementor-element elementor-element-32ce2cd4 elementor-widget elementor-widget-heading\" data-id=\"32ce2cd4\" data-element_type=\"widget\" data-widget_type=\"heading.default\">\n\t\t\t\t<div class=\"elementor-widget-container\">\n\t\t\t<style>\/*! elementor - v3.19.0 - 28-02-2024 *\/\n.elementor-heading-title{padding:0;margin:0;line-height:1}.elementor-widget-heading .elementor-heading-title[class*=elementor-size-]>a{color:inherit;font-size:inherit;line-height:inherit}.elementor-widget-heading .elementor-heading-title.elementor-size-small{font-size:15px}.elementor-widget-heading .elementor-heading-title.elementor-size-medium{font-size:19px}.elementor-widget-heading .elementor-heading-title.elementor-size-large{font-size:29px}.elementor-widget-heading .elementor-heading-title.elementor-size-xl{font-size:39px}.elementor-widget-heading .elementor-heading-title.elementor-size-xxl{font-size:59px}<\/style><h1 class=\"elementor-heading-title elementor-size-default\">VIP CREW AND PASSENGERS SERVICES<\/h1>\t\t<\/div>\n\t\t\t\t<\/div>\n\t\t\t\t<div class=\"elementor-element elementor-element-40a435ef elementor-widget-divider--view-line elementor-widget elementor-widget-divider\" data-id=\"40a435ef\" data-element_type=\"widget\" data-widget_type=\"divider.default\">\n\t\t\t\t<div class=\"elementor-widget-container\">\n\t\t\t<style>\/*! elementor - v3.19.0 - 28-02-2024 *\/\n.elementor-widget-divider{--divider-border-style:none;--divider-border-width:1px;--divider-color:#0c0d0e;--divider-icon-size:20px;--divider-element-spacing:10px;--divider-pattern-height:24px;--divider-pattern-size:20px;--divider-pattern-url:none;--divider-pattern-repeat:repeat-x}.elementor-widget-divider .elementor-divider{display:flex}.elementor-widget-divider .elementor-divider__text{font-size:15px;line-height:1;max-width:95%}.elementor-widget-divider .elementor-divider__element{margin:0 var(--divider-element-spacing);flex-shrink:0}.elementor-widget-divider .elementor-icon{font-size:var(--divider-icon-size)}.elementor-widget-divider .elementor-divider-separator{display:flex;margin:0;direction:ltr}.elementor-widget-divider--view-line_icon .elementor-divider-separator,.elementor-widget-divider--view-line_text .elementor-divider-separator{align-items:center}.elementor-widget-divider--view-line_icon .elementor-divider-separator:after,.elementor-widget-divider--view-line_icon .elementor-divider-separator:before,.elementor-widget-divider--view-line_text .elementor-divider-separator:after,.elementor-widget-divider--view-line_text .elementor-divider-separator:before{display:block;content:\"\";border-block-end:0;flex-grow:1;border-block-start:var(--divider-border-width) var(--divider-border-style) var(--divider-color)}.elementor-widget-divider--element-align-left .elementor-divider .elementor-divider-separator>.elementor-divider__svg:first-of-type{flex-grow:0;flex-shrink:100}.elementor-widget-divider--element-align-left .elementor-divider-separator:before{content:none}.elementor-widget-divider--element-align-left .elementor-divider__element{margin-left:0}.elementor-widget-divider--element-align-right .elementor-divider .elementor-divider-separator>.elementor-divider__svg:last-of-type{flex-grow:0;flex-shrink:100}.elementor-widget-divider--element-align-right .elementor-divider-separator:after{content:none}.elementor-widget-divider--element-align-right .elementor-divider__element{margin-right:0}.elementor-widget-divider--element-align-start .elementor-divider .elementor-divider-separator>.elementor-divider__svg:first-of-type{flex-grow:0;flex-shrink:100}.elementor-widget-divider--element-align-start .elementor-divider-separator:before{content:none}.elementor-widget-divider--element-align-start .elementor-divider__element{margin-inline-start:0}.elementor-widget-divider--element-align-end .elementor-divider .elementor-divider-separator>.elementor-divider__svg:last-of-type{flex-grow:0;flex-shrink:100}.elementor-widget-divider--element-align-end .elementor-divider-separator:after{content:none}.elementor-widget-divider--element-align-end .elementor-divider__element{margin-inline-end:0}.elementor-widget-divider:not(.elementor-widget-divider--view-line_text):not(.elementor-widget-divider--view-line_icon) .elementor-divider-separator{border-block-start:var(--divider-border-width) var(--divider-border-style) var(--divider-color)}.elementor-widget-divider--separator-type-pattern{--divider-border-style:none}.elementor-widget-divider--separator-type-pattern.elementor-widget-divider--view-line .elementor-divider-separator,.elementor-widget-divider--separator-type-pattern:not(.elementor-widget-divider--view-line) .elementor-divider-separator:after,.elementor-widget-divider--separator-type-pattern:not(.elementor-widget-divider--view-line) .elementor-divider-separator:before,.elementor-widget-divider--separator-type-pattern:not([class*=elementor-widget-divider--view]) .elementor-divider-separator{width:100%;min-height:var(--divider-pattern-height);-webkit-mask-size:var(--divider-pattern-size) 100%;mask-size:var(--divider-pattern-size) 100%;-webkit-mask-repeat:var(--divider-pattern-repeat);mask-repeat:var(--divider-pattern-repeat);background-color:var(--divider-color);-webkit-mask-image:var(--divider-pattern-url);mask-image:var(--divider-pattern-url)}.elementor-widget-divider--no-spacing{--divider-pattern-size:auto}.elementor-widget-divider--bg-round{--divider-pattern-repeat:round}.rtl .elementor-widget-divider .elementor-divider__text{direction:rtl}.e-con-inner>.elementor-widget-divider,.e-con>.elementor-widget-divider{width:var(--container-widget-width,100%);--flex-grow:var(--container-widget-flex-grow)}<\/style>\t\t<div class=\"elementor-divider\">\n\t\t\t<span class=\"elementor-divider-separator\">\n\t\t\t\t\t\t<\/span>\n\t\t<\/div>\n\t\t\t\t<\/div>\n\t\t\t\t<\/div>\n\t\t\t\t\t<\/div>\n\t\t<\/div>\n\t\t\t\t<div class=\"elementor-column elementor-col-33 elementor-top-column elementor-element elementor-element-58287e50\" data-id=\"58287e50\" data-element_type=\"column\">\n\t\t\t<div class=\"elementor-widget-wrap elementor-element-populated\">\n\t\t\t\t\t\t<div class=\"elementor-element elementor-element-353687ee elementor-widget elementor-widget-image\" data-id=\"353687ee\" data-element_type=\"widget\" data-widget_type=\"image.default\">\n\t\t\t\t<div class=\"elementor-widget-container\">\n\t\t\t<style>\/*! elementor - v3.19.0 - 28-02-2024 *\/\n.elementor-widget-image{text-align:center}.elementor-widget-image a{display:inline-block}.elementor-widget-image a img[src$=\".svg\"]{width:48px}.elementor-widget-image img{vertical-align:middle;display:inline-block}<\/style>\t\t\t\t\t\t\t\t\t\t<img fetchpriority=\"high\" decoding=\"async\" width=\"768\" height=\"454\" src=\"https:\/\/fboguatemala.com\/wp-content\/uploads\/2022\/01\/home-01-1-768x454-1.jpg\" class=\"elementor-animation-grow attachment-full size-full wp-image-177\" alt=\"\" srcset=\"https:\/\/fboguatemala.com\/wp-content\/uploads\/2022\/01\/home-01-1-768x454-1.jpg 768w, https:\/\/fboguatemala.com\/wp-content\/uploads\/2022\/01\/home-01-1-768x454-1-300x177.jpg 300w\" sizes=\"(max-width: 768px) 100vw, 768px\" \/>\t\t\t\t\t\t\t\t\t\t\t\t\t<\/div>\n\t\t\t\t<\/div>\n\t\t\t\t<div class=\"elementor-element elementor-element-3a6cda5a elementor-widget elementor-widget-text-editor\" data-id=\"3a6cda5a\" data-element_type=\"widget\" data-widget_type=\"text-editor.default\">\n\t\t\t\t<div class=\"elementor-widget-container\">\n\t\t\t\t\t\t\t<p>We have a VIP room for our crew members and passengers who take the service as well as different amenities.<\/p>\t\t\t\t\t\t<\/div>\n\t\t\t\t<\/div>\n\t\t\t\t\t<\/div>\n\t\t<\/div>\n\t\t\t\t<div class=\"elementor-column elementor-col-33 elementor-top-column elementor-element elementor-element-368b3bb7\" data-id=\"368b3bb7\" data-element_type=\"column\">\n\t\t\t<div class=\"elementor-widget-wrap elementor-element-populated\">\n\t\t\t\t\t\t<div class=\"elementor-element elementor-element-6806ecbc elementor-widget elementor-widget-text-editor\" data-id=\"6806ecbc\" data-element_type=\"widget\" data-widget_type=\"text-editor.default\">\n\t\t\t\t<div class=\"elementor-widget-container\">\n\t\t\t\t\t\t\t<p><img decoding=\"async\" class=\"alignnone wp-image-166\" src=\"https:\/\/fboguatemala.com\/wp-content\/uploads\/2022\/01\/VIP-AZUL-01.png\" alt=\"\" width=\"111\" height=\"111\" srcset=\"https:\/\/fboguatemala.com\/wp-content\/uploads\/2022\/01\/VIP-AZUL-01.png 301w, https:\/\/fboguatemala.com\/wp-content\/uploads\/2022\/01\/VIP-AZUL-01-150x150.png 150w\" sizes=\"(max-width: 111px) 100vw, 111px\" \/><\/p>\t\t\t\t\t\t<\/div>\n\t\t\t\t<\/div>\n\t\t\t\t<div class=\"elementor-element elementor-element-ed38aeb elementor-widget elementor-widget-image\" data-id=\"ed38aeb\" data-element_type=\"widget\" data-widget_type=\"image.default\">\n\t\t\t\t<div class=\"elementor-widget-container\">\n\t\t\t\t\t\t\t\t\t\t\t\t\t<img decoding=\"async\" width=\"450\" height=\"262\" src=\"https:\/\/fboguatemala.com\/wp-content\/uploads\/2022\/01\/N1.png\" class=\"elementor-animation-grow attachment-full size-full wp-image-21\" alt=\"\" srcset=\"https:\/\/fboguatemala.com\/wp-content\/uploads\/2022\/01\/N1.png 450w, https:\/\/fboguatemala.com\/wp-content\/uploads\/2022\/01\/N1-300x175.png 300w\" sizes=\"(max-width: 450px) 100vw, 450px\" \/>\t\t\t\t\t\t\t\t\t\t\t\t\t<\/div>\n\t\t\t\t<\/div>\n\t\t\t\t\t<\/div>\n\t\t<\/div>\n\t\t\t\t\t<\/div>\n\t\t<\/section>\n\t\t\t\t<section class=\"elementor-section elementor-top-section elementor-element elementor-element-0c065f0 elementor-section-full_width elementor-section-height-default elementor-section-height-default\" data-id=\"0c065f0\" data-element_type=\"section\">\n\t\t\t\t\t\t<div class=\"elementor-container elementor-column-gap-default\">\n\t\t\t\t\t<div class=\"elementor-column elementor-col-100 elementor-top-column elementor-element elementor-element-3a9361d\" data-id=\"3a9361d\" data-element_type=\"column\">\n\t\t\t<div class=\"elementor-widget-wrap elementor-element-populated\">\n\t\t\t\t\t\t<div class=\"elementor-element elementor-element-67c8210 elementor-align-left elementor-icon-list--layout-traditional elementor-list-item-link-full_width elementor-widget elementor-widget-icon-list\" data-id=\"67c8210\" data-element_type=\"widget\" data-widget_type=\"icon-list.default\">\n\t\t\t\t<div class=\"elementor-widget-container\">\n\t\t\t<link rel=\"stylesheet\" href=\"https:\/\/fboguatemala.com\/wp-content\/plugins\/elementor\/assets\/css\/widget-icon-list.min.css\">\t\t<ul class=\"elementor-icon-list-items\">\n\t\t\t\t\t\t\t<li class=\"elementor-icon-list-item\">\n\t\t\t\t\t\t\t\t\t\t\t<span class=\"elementor-icon-list-icon\">\n\t\t\t\t\t\t\t<svg xmlns=\"http:\/\/www.w3.org\/2000\/svg\" xmlns:xlink=\"http:\/\/www.w3.org\/1999\/xlink\" id=\"Layer_1\" x=\"0px\" y=\"0px\" width=\"217.93px\" height=\"217.93px\" viewbox=\"0 0 217.93 217.93\" xml:space=\"preserve\"><path fill=\"#0D2C42\" d=\"M153.395,98.658h-0.008l-27.098,0.019l-25.92-41.407l-15.137,0.01l12.973,41.416l-23.832,0.017L66.6,88.361 l-12.328,0.011l5.906,20.616l-5.879,20.626l12.328-0.012l7.76-10.359l23.834-0.017L85.303,160.66l15.139-0.01l25.861-41.443 l27.096-0.018c2.631-0.002,5.256-1.119,7.201-3.066c1.945-1.948,3.061-4.573,3.059-7.206 C163.652,103.354,158.955,98.658,153.395,98.658\"><\/path><\/svg>\t\t\t\t\t\t<\/span>\n\t\t\t\t\t\t\t\t\t\t<span class=\"elementor-icon-list-text\">CABLE TV<\/span>\n\t\t\t\t\t\t\t\t\t<\/li>\n\t\t\t\t\t\t\t\t<li class=\"elementor-icon-list-item\">\n\t\t\t\t\t\t\t\t\t\t\t<span class=\"elementor-icon-list-icon\">\n\t\t\t\t\t\t\t<svg xmlns=\"http:\/\/www.w3.org\/2000\/svg\" xmlns:xlink=\"http:\/\/www.w3.org\/1999\/xlink\" id=\"Layer_1\" x=\"0px\" y=\"0px\" width=\"217.93px\" height=\"217.93px\" viewbox=\"0 0 217.93 217.93\" xml:space=\"preserve\"><path fill=\"#0D2C42\" d=\"M153.395,98.658h-0.008l-27.098,0.019l-25.92-41.407l-15.137,0.01l12.973,41.416l-23.832,0.017L66.6,88.361 l-12.328,0.011l5.906,20.616l-5.879,20.626l12.328-0.012l7.76-10.359l23.834-0.017L85.303,160.66l15.139-0.01l25.861-41.443 l27.096-0.018c2.631-0.002,5.256-1.119,7.201-3.066c1.945-1.948,3.061-4.573,3.059-7.206 C163.652,103.354,158.955,98.658,153.395,98.658\"><\/path><\/svg>\t\t\t\t\t\t<\/span>\n\t\t\t\t\t\t\t\t\t\t<span class=\"elementor-icon-list-text\">HOTEL RESERVATIONS<\/span>\n\t\t\t\t\t\t\t\t\t<\/li>\n\t\t\t\t\t\t\t\t<li class=\"elementor-icon-list-item\">\n\t\t\t\t\t\t\t\t\t\t\t<span class=\"elementor-icon-list-icon\">\n\t\t\t\t\t\t\t<svg xmlns=\"http:\/\/www.w3.org\/2000\/svg\" xmlns:xlink=\"http:\/\/www.w3.org\/1999\/xlink\" id=\"Layer_1\" x=\"0px\" y=\"0px\" width=\"217.93px\" height=\"217.93px\" viewbox=\"0 0 217.93 217.93\" xml:space=\"preserve\"><path fill=\"#0D2C42\" d=\"M153.395,98.658h-0.008l-27.098,0.019l-25.92-41.407l-15.137,0.01l12.973,41.416l-23.832,0.017L66.6,88.361 l-12.328,0.011l5.906,20.616l-5.879,20.626l12.328-0.012l7.76-10.359l23.834-0.017L85.303,160.66l15.139-0.01l25.861-41.443 l27.096-0.018c2.631-0.002,5.256-1.119,7.201-3.066c1.945-1.948,3.061-4.573,3.059-7.206 C163.652,103.354,158.955,98.658,153.395,98.658\"><\/path><\/svg>\t\t\t\t\t\t<\/span>\n\t\t\t\t\t\t\t\t\t\t<span class=\"elementor-icon-list-text\">COFFEE, TEA AND DRINKS<\/span>\n\t\t\t\t\t\t\t\t\t<\/li>\n\t\t\t\t\t\t<\/ul>\n\t\t\t\t<\/div>\n\t\t\t\t<\/div>\n\t\t\t\t\t<\/div>\n\t\t<\/div>\n\t\t\t\t\t<\/div>\n\t\t<\/section>\n\t\t\t\t<\/div>","protected":false},"excerpt":{"rendered":"<p>Servicios de calidad Servicios VIP para tripulaci\u00f3n y pasajeros Contamos con una sala VIP para nuestros tripulantes y pasajeros que tomen el servicio as\u00ed mismo con distintas comodidades. CABLE TV RESERVAS EN HOTELES CAF\u00c9, T\u00c9 Y BEBIDAS<\/p>","protected":false},"author":1,"featured_media":0,"parent":0,"menu_order":0,"comment_status":"closed","ping_status":"closed","template":"","meta":{"site-sidebar-layout":"no-sidebar","site-content-layout":"page-builder","ast-site-content-layout":"","site-content-style":"default","site-sidebar-style":"default","ast-global-header-display":"","ast-banner-title-visibility":"","ast-main-header-display":"","ast-hfb-above-header-display":"","ast-hfb-below-header-display":"","ast-hfb-mobile-header-display":"","site-post-title":"disabled","ast-breadcrumbs-content":"","ast-featured-img":"disabled","footer-sml-layout":"","theme-transparent-header-meta":"","adv-header-id-meta":"","stick-header-meta":"","header-above-stick-meta":"","header-main-stick-meta":"","header-below-stick-meta":"","astra-migrate-meta-layouts":"default","ast-page-background-enabled":"default","ast-page-background-meta":{"desktop":{"background-color":"var(--ast-global-color-4)","background-image":"","background-repeat":"repeat","background-position":"center center","background-size":"auto","background-attachment":"scroll","background-type":"","background-media":"","overlay-type":"","overlay-color":"","overlay-gradient":""},"tablet":{"background-color":"","background-image":"","background-repeat":"repeat","background-position":"center center","background-size":"auto","background-attachment":"scroll","background-type":"","background-media":"","overlay-type":"","overlay-color":"","overlay-gradient":""},"mobile":{"background-color":"","background-image":"","background-repeat":"repeat","background-position":"center center","background-size":"auto","background-attachment":"scroll","background-type":"","background-media":"","overlay-type":"","overlay-color":"","overlay-gradient":""}},"ast-content-background-meta":{"desktop":{"background-color":"var(--ast-global-color-5)","background-image":"","background-repeat":"repeat","background-position":"center center","background-size":"auto","background-attachment":"scroll","background-type":"","background-media":"","overlay-type":"","overlay-color":"","overlay-gradient":""},"tablet":{"background-color":"var(--ast-global-color-5)","background-image":"","background-repeat":"repeat","background-position":"center center","background-size":"auto","background-attachment":"scroll","background-type":"","background-media":"","overlay-type":"","overlay-color":"","overlay-gradient":""},"mobile":{"background-color":"var(--ast-global-color-5)","background-image":"","background-repeat":"repeat","background-position":"center center","background-size":"auto","background-attachment":"scroll","background-type":"","background-media":"","overlay-type":"","overlay-color":"","overlay-gradient":""}},"footnotes":""},"class_list":["post-52","page","type-page","status-publish","hentry"],"yoast_head":"<!-- This site is optimized with the Yoast SEO plugin v22.1 - https:\/\/yoast.com\/wordpress\/plugins\/seo\/ -->\n<title>Servicios VIP para tripulaci\u00f3n y pasajeros | FBO Guatemala<\/title>\n<meta name=\"robots\" content=\"index, follow, max-snippet:-1, max-image-preview:large, max-video-preview:-1\" \/>\n<link rel=\"canonical\" href=\"https:\/\/fboguatemala.com\/en\/servicios-vip-para-tripulacion-y-pasajeros\/\" \/>\n<meta property=\"og:locale\" content=\"en_US\" \/>\n<meta property=\"og:type\" content=\"article\" \/>\n<meta property=\"og:title\" content=\"Servicios VIP para tripulaci\u00f3n y pasajeros | FBO Guatemala\" \/>\n<meta property=\"og:description\" content=\"Servicios de calidad Servicios VIP para tripulaci\u00f3n y pasajeros Contamos con una sala VIP para nuestros tripulantes y pasajeros que tomen el servicio as\u00ed mismo con distintas comodidades. CABLE TV RESERVAS EN HOTELES CAF\u00c9, T\u00c9 Y BEBIDAS\" \/>\n<meta property=\"og:url\" content=\"https:\/\/fboguatemala.com\/en\/servicios-vip-para-tripulacion-y-pasajeros\/\" \/>\n<meta property=\"og:site_name\" content=\"FBO Guatemala\" \/>\n<meta property=\"article:modified_time\" content=\"2022-01-11T20:51:44+00:00\" \/>\n<meta property=\"og:image\" content=\"https:\/\/fboguatemala.com\/wp-content\/uploads\/2022\/01\/home-01-1-768x454-1.jpg\" \/>\n<meta name=\"twitter:card\" content=\"summary_large_image\" \/>\n<meta name=\"twitter:label1\" content=\"Est. reading time\" \/>\n\t<meta name=\"twitter:data1\" content=\"1 minute\" \/>\n<script type=\"application\/ld+json\" class=\"yoast-schema-graph\">{\"@context\":\"https:\/\/schema.org\",\"@graph\":[{\"@type\":\"WebPage\",\"@id\":\"https:\/\/fboguatemala.com\/servicios-vip-para-tripulacion-y-pasajeros\/\",\"url\":\"https:\/\/fboguatemala.com\/servicios-vip-para-tripulacion-y-pasajeros\/\",\"name\":\"Servicios VIP para tripulaci\u00f3n y pasajeros | FBO Guatemala\",\"isPartOf\":{\"@id\":\"https:\/\/fboguatemala.com\/#website\"},\"datePublished\":\"2022-01-07T20:59:57+00:00\",\"dateModified\":\"2022-01-11T20:51:44+00:00\",\"breadcrumb\":{\"@id\":\"https:\/\/fboguatemala.com\/servicios-vip-para-tripulacion-y-pasajeros\/#breadcrumb\"},\"inLanguage\":\"en-US\",\"potentialAction\":[{\"@type\":\"ReadAction\",\"target\":[\"https:\/\/fboguatemala.com\/servicios-vip-para-tripulacion-y-pasajeros\/\"]}]},{\"@type\":\"BreadcrumbList\",\"@id\":\"https:\/\/fboguatemala.com\/servicios-vip-para-tripulacion-y-pasajeros\/#breadcrumb\",\"itemListElement\":[{\"@type\":\"ListItem\",\"position\":1,\"name\":\"Portada\",\"item\":\"https:\/\/fboguatemala.com\/\"},{\"@type\":\"ListItem\",\"position\":2,\"name\":\"Servicios VIP para tripulaci\u00f3n y pasajeros\"}]},{\"@type\":\"WebSite\",\"@id\":\"https:\/\/fboguatemala.com\/#website\",\"url\":\"https:\/\/fboguatemala.com\/\",\"name\":\"FBO Guatemala\",\"description\":\"\",\"publisher\":{\"@id\":\"https:\/\/fboguatemala.com\/#organization\"},\"potentialAction\":[{\"@type\":\"SearchAction\",\"target\":{\"@type\":\"EntryPoint\",\"urlTemplate\":\"https:\/\/fboguatemala.com\/?s={search_term_string}\"},\"query-input\":\"required name=search_term_string\"}],\"inLanguage\":\"en-US\"},{\"@type\":\"Organization\",\"@id\":\"https:\/\/fboguatemala.com\/#organization\",\"name\":\"FBO GUATEMALA\",\"url\":\"https:\/\/fboguatemala.com\/\",\"logo\":{\"@type\":\"ImageObject\",\"inLanguage\":\"en-US\",\"@id\":\"https:\/\/fboguatemala.com\/#\/schema\/logo\/image\/\",\"url\":\"https:\/\/fboguatemala.com\/wp-content\/uploads\/2022\/01\/FBO.png\",\"contentUrl\":\"https:\/\/fboguatemala.com\/wp-content\/uploads\/2022\/01\/FBO.png\",\"width\":672,\"height\":357,\"caption\":\"FBO GUATEMALA\"},\"image\":{\"@id\":\"https:\/\/fboguatemala.com\/#\/schema\/logo\/image\/\"}}]}<\/script>\n<!-- \/ Yoast SEO plugin. -->","yoast_head_json":{"title":"Servicios VIP para tripulaci\u00f3n y pasajeros | FBO Guatemala","robots":{"index":"index","follow":"follow","max-snippet":"max-snippet:-1","max-image-preview":"max-image-preview:large","max-video-preview":"max-video-preview:-1"},"canonical":"https:\/\/fboguatemala.com\/en\/servicios-vip-para-tripulacion-y-pasajeros\/","og_locale":"en_US","og_type":"article","og_title":"Servicios VIP para tripulaci\u00f3n y pasajeros | FBO Guatemala","og_description":"Servicios de calidad Servicios VIP para tripulaci\u00f3n y pasajeros Contamos con una sala VIP para nuestros tripulantes y pasajeros que tomen el servicio as\u00ed mismo con distintas comodidades. CABLE TV RESERVAS EN HOTELES CAF\u00c9, T\u00c9 Y BEBIDAS","og_url":"https:\/\/fboguatemala.com\/en\/servicios-vip-para-tripulacion-y-pasajeros\/","og_site_name":"FBO Guatemala","article_modified_time":"2022-01-11T20:51:44+00:00","og_image":[{"url":"https:\/\/fboguatemala.com\/wp-content\/uploads\/2022\/01\/home-01-1-768x454-1.jpg"}],"twitter_card":"summary_large_image","twitter_misc":{"Est. reading time":"1 minute"},"schema":{"@context":"https:\/\/schema.org","@graph":[{"@type":"WebPage","@id":"https:\/\/fboguatemala.com\/servicios-vip-para-tripulacion-y-pasajeros\/","url":"https:\/\/fboguatemala.com\/servicios-vip-para-tripulacion-y-pasajeros\/","name":"Servicios VIP para tripulaci\u00f3n y pasajeros | FBO Guatemala","isPartOf":{"@id":"https:\/\/fboguatemala.com\/#website"},"datePublished":"2022-01-07T20:59:57+00:00","dateModified":"2022-01-11T20:51:44+00:00","breadcrumb":{"@id":"https:\/\/fboguatemala.com\/servicios-vip-para-tripulacion-y-pasajeros\/#breadcrumb"},"inLanguage":"en-US","potentialAction":[{"@type":"ReadAction","target":["https:\/\/fboguatemala.com\/servicios-vip-para-tripulacion-y-pasajeros\/"]}]},{"@type":"BreadcrumbList","@id":"https:\/\/fboguatemala.com\/servicios-vip-para-tripulacion-y-pasajeros\/#breadcrumb","itemListElement":[{"@type":"ListItem","position":1,"name":"Portada","item":"https:\/\/fboguatemala.com\/"},{"@type":"ListItem","position":2,"name":"Servicios VIP para tripulaci\u00f3n y pasajeros"}]},{"@type":"WebSite","@id":"https:\/\/fboguatemala.com\/#website","url":"https:\/\/fboguatemala.com\/","name":"FBO Guatemala","description":"","publisher":{"@id":"https:\/\/fboguatemala.com\/#organization"},"potentialAction":[{"@type":"SearchAction","target":{"@type":"EntryPoint","urlTemplate":"https:\/\/fboguatemala.com\/?s={search_term_string}"},"query-input":"required name=search_term_string"}],"inLanguage":"en-US"},{"@type":"Organization","@id":"https:\/\/fboguatemala.com\/#organization","name":"FBO GUATEMALA","url":"https:\/\/fboguatemala.com\/","logo":{"@type":"ImageObject","inLanguage":"en-US","@id":"https:\/\/fboguatemala.com\/#\/schema\/logo\/image\/","url":"https:\/\/fboguatemala.com\/wp-content\/uploads\/2022\/01\/FBO.png","contentUrl":"https:\/\/fboguatemala.com\/wp-content\/uploads\/2022\/01\/FBO.png","width":672,"height":357,"caption":"FBO GUATEMALA"},"image":{"@id":"https:\/\/fboguatemala.com\/#\/schema\/logo\/image\/"}}]}},"_links":{"self":[{"href":"https:\/\/fboguatemala.com\/en\/wp-json\/wp\/v2\/pages\/52","targetHints":{"allow":["GET"]}}],"collection":[{"href":"https:\/\/fboguatemala.com\/en\/wp-json\/wp\/v2\/pages"}],"about":[{"href":"https:\/\/fboguatemala.com\/en\/wp-json\/wp\/v2\/types\/page"}],"author":[{"embeddable":true,"href":"https:\/\/fboguatemala.com\/en\/wp-json\/wp\/v2\/users\/1"}],"replies":[{"embeddable":true,"href":"https:\/\/fboguatemala.com\/en\/wp-json\/wp\/v2\/comments?post=52"}],"version-history":[{"count":5,"href":"https:\/\/fboguatemala.com\/en\/wp-json\/wp\/v2\/pages\/52\/revisions"}],"predecessor-version":[{"id":340,"href":"https:\/\/fboguatemala.com\/en\/wp-json\/wp\/v2\/pages\/52\/revisions\/340"}],"wp:attachment":[{"href":"https:\/\/fboguatemala.com\/en\/wp-json\/wp\/v2\/media?parent=52"}],"curies":[{"name":"wp","href":"https:\/\/api.w.org\/{rel}","templated":true}]}}