{"id":46,"date":"2022-01-07T20:58:35","date_gmt":"2022-01-07T20:58:35","guid":{"rendered":"https:\/\/fboguatemala.com\/?page_id=46"},"modified":"2022-01-12T14:25:20","modified_gmt":"2022-01-12T14:25:20","slug":"servicios-de-tripulacion","status":"publish","type":"page","link":"https:\/\/fboguatemala.com\/en\/servicios-de-tripulacion\/","title":{"rendered":"CREW SERVICES"},"content":{"rendered":"<div data-elementor-type=\"wp-page\" data-elementor-id=\"46\" class=\"elementor elementor-46\">\n\t\t\t\t\t\t<section class=\"elementor-section elementor-top-section elementor-element elementor-element-67ef3c7 elementor-section-boxed elementor-section-height-default elementor-section-height-default\" data-id=\"67ef3c7\" data-element_type=\"section\">\n\t\t\t\t\t\t<div class=\"elementor-container elementor-column-gap-default\">\n\t\t\t\t\t<div class=\"elementor-column elementor-col-100 elementor-top-column elementor-element elementor-element-caad619\" data-id=\"caad619\" data-element_type=\"column\">\n\t\t\t<div class=\"elementor-widget-wrap elementor-element-populated\">\n\t\t\t\t\t\t<div class=\"elementor-element elementor-element-6d91565 elementor-arrows-position-inside elementor-pagination-position-outside elementor-widget elementor-widget-image-carousel\" data-id=\"6d91565\" data-element_type=\"widget\" data-settings=\"{&quot;slides_to_show&quot;:&quot;1&quot;,&quot;navigation&quot;:&quot;both&quot;,&quot;autoplay&quot;:&quot;yes&quot;,&quot;pause_on_hover&quot;:&quot;yes&quot;,&quot;pause_on_interaction&quot;:&quot;yes&quot;,&quot;autoplay_speed&quot;:5000,&quot;infinite&quot;:&quot;yes&quot;,&quot;effect&quot;:&quot;slide&quot;,&quot;speed&quot;:500}\" data-widget_type=\"image-carousel.default\">\n\t\t\t\t<div class=\"elementor-widget-container\">\n\t\t\t<style>\/*! elementor - v3.19.0 - 28-02-2024 *\/\n.elementor-widget-image-carousel .swiper,.elementor-widget-image-carousel .swiper-container{position:static}.elementor-widget-image-carousel .swiper-container .swiper-slide figure,.elementor-widget-image-carousel .swiper .swiper-slide figure{line-height:inherit}.elementor-widget-image-carousel .swiper-slide{text-align:center}.elementor-image-carousel-wrapper:not(.swiper-container-initialized):not(.swiper-initialized) .swiper-slide{max-width:calc(100% \/ var(--e-image-carousel-slides-to-show, 3))}<\/style>\t\t<div class=\"elementor-image-carousel-wrapper swiper-container\" dir=\"ltr\">\n\t\t\t<div class=\"elementor-image-carousel swiper-wrapper\" aria-live=\"off\">\n\t\t\t\t\t\t\t\t<div class=\"swiper-slide\" role=\"group\" aria-roledescription=\"slide\" aria-label=\"1 of 3\"><figure class=\"swiper-slide-inner\"><img decoding=\"async\" class=\"swiper-slide-image\" src=\"https:\/\/fboguatemala.com\/wp-content\/uploads\/2022\/01\/WhatsApp-Image-2021-05-20-at-9.44.26-AM-768x449-1.jpeg\" alt=\"WhatsApp-Image-2021-05-20-at-9.44.26-AM-768x449\" \/><\/figure><\/div><div class=\"swiper-slide\" role=\"group\" aria-roledescription=\"slide\" aria-label=\"2 of 3\"><figure class=\"swiper-slide-inner\"><img decoding=\"async\" class=\"swiper-slide-image\" src=\"https:\/\/fboguatemala.com\/wp-content\/uploads\/2022\/01\/home07-768x454-1.jpg\" alt=\"home07-768x454\" \/><\/figure><\/div><div class=\"swiper-slide\" role=\"group\" aria-roledescription=\"slide\" aria-label=\"3 of 3\"><figure class=\"swiper-slide-inner\"><img decoding=\"async\" class=\"swiper-slide-image\" src=\"https:\/\/fboguatemala.com\/wp-content\/uploads\/2022\/01\/Sala1-768x449.jpg\" alt=\"Sala1\" \/><\/figure><\/div>\t\t\t<\/div>\n\t\t\t\t\t\t\t\t\t\t\t\t<div class=\"elementor-swiper-button elementor-swiper-button-prev\" role=\"button\" tabindex=\"0\">\n\t\t\t\t\t\t<i aria-hidden=\"true\" class=\"eicon-chevron-left\"><\/i>\t\t\t\t\t<\/div>\n\t\t\t\t\t<div class=\"elementor-swiper-button elementor-swiper-button-next\" role=\"button\" tabindex=\"0\">\n\t\t\t\t\t\t<i aria-hidden=\"true\" class=\"eicon-chevron-right\"><\/i>\t\t\t\t\t<\/div>\n\t\t\t\t\n\t\t\t\t\t\t\t\t\t<div class=\"swiper-pagination\"><\/div>\n\t\t\t\t\t\t\t\t\t<\/div>\n\t\t\t\t<\/div>\n\t\t\t\t<\/div>\n\t\t\t\t\t<\/div>\n\t\t<\/div>\n\t\t\t\t\t<\/div>\n\t\t<\/section>\n\t\t\t\t<section class=\"elementor-section elementor-top-section elementor-element elementor-element-a30f068 elementor-section-boxed elementor-section-height-default elementor-section-height-default\" data-id=\"a30f068\" data-element_type=\"section\">\n\t\t\t\t\t\t<div class=\"elementor-container elementor-column-gap-default\">\n\t\t\t\t\t<div class=\"elementor-column elementor-col-100 elementor-top-column elementor-element elementor-element-c00c0cf\" data-id=\"c00c0cf\" data-element_type=\"column\">\n\t\t\t<div class=\"elementor-widget-wrap elementor-element-populated\">\n\t\t\t\t\t\t<div class=\"elementor-element elementor-element-390533b elementor-invisible elementor-widget elementor-widget-heading\" data-id=\"390533b\" data-element_type=\"widget\" data-settings=\"{&quot;_animation&quot;:&quot;fadeIn&quot;}\" data-widget_type=\"heading.default\">\n\t\t\t\t<div class=\"elementor-widget-container\">\n\t\t\t<style>\/*! elementor - v3.19.0 - 28-02-2024 *\/\n.elementor-heading-title{padding:0;margin:0;line-height:1}.elementor-widget-heading .elementor-heading-title[class*=elementor-size-]>a{color:inherit;font-size:inherit;line-height:inherit}.elementor-widget-heading .elementor-heading-title.elementor-size-small{font-size:15px}.elementor-widget-heading .elementor-heading-title.elementor-size-medium{font-size:19px}.elementor-widget-heading .elementor-heading-title.elementor-size-large{font-size:29px}.elementor-widget-heading .elementor-heading-title.elementor-size-xl{font-size:39px}.elementor-widget-heading .elementor-heading-title.elementor-size-xxl{font-size:59px}<\/style><h2 class=\"elementor-heading-title elementor-size-default\">CREW SERVICES<\/h2>\t\t<\/div>\n\t\t\t\t<\/div>\n\t\t\t\t<div class=\"elementor-element elementor-element-3ee13ef elementor-invisible elementor-widget elementor-widget-image\" data-id=\"3ee13ef\" data-element_type=\"widget\" data-settings=\"{&quot;_animation&quot;:&quot;zoomIn&quot;}\" data-widget_type=\"image.default\">\n\t\t\t\t<div class=\"elementor-widget-container\">\n\t\t\t<style>\/*! elementor - v3.19.0 - 28-02-2024 *\/\n.elementor-widget-image{text-align:center}.elementor-widget-image a{display:inline-block}.elementor-widget-image a img[src$=\".svg\"]{width:48px}.elementor-widget-image img{vertical-align:middle;display:inline-block}<\/style>\t\t\t\t\t\t\t\t\t\t<img decoding=\"async\" width=\"150\" height=\"150\" src=\"https:\/\/fboguatemala.com\/wp-content\/uploads\/2022\/01\/crew-services-azul-01-150x150.png\" class=\"attachment-thumbnail size-thumbnail wp-image-163\" alt=\"\" srcset=\"https:\/\/fboguatemala.com\/wp-content\/uploads\/2022\/01\/crew-services-azul-01-150x150.png 150w, https:\/\/fboguatemala.com\/wp-content\/uploads\/2022\/01\/crew-services-azul-01.png 301w\" sizes=\"(max-width: 150px) 100vw, 150px\" \/>\t\t\t\t\t\t\t\t\t\t\t\t\t<\/div>\n\t\t\t\t<\/div>\n\t\t\t\t\t<\/div>\n\t\t<\/div>\n\t\t\t\t\t<\/div>\n\t\t<\/section>\n\t\t\t\t<section class=\"elementor-section elementor-top-section elementor-element elementor-element-24ae5ec elementor-section-boxed elementor-section-height-default elementor-section-height-default\" data-id=\"24ae5ec\" data-element_type=\"section\">\n\t\t\t\t\t\t<div class=\"elementor-container elementor-column-gap-default\">\n\t\t\t\t\t<div class=\"elementor-column elementor-col-100 elementor-top-column elementor-element elementor-element-efa2385\" data-id=\"efa2385\" data-element_type=\"column\">\n\t\t\t<div class=\"elementor-widget-wrap elementor-element-populated\">\n\t\t\t\t\t\t<div class=\"elementor-element elementor-element-546a36b elementor-icon-list--layout-traditional elementor-list-item-link-full_width elementor-invisible elementor-widget elementor-widget-icon-list\" data-id=\"546a36b\" data-element_type=\"widget\" data-settings=\"{&quot;_animation&quot;:&quot;fadeInLeft&quot;}\" data-widget_type=\"icon-list.default\">\n\t\t\t\t<div class=\"elementor-widget-container\">\n\t\t\t<link rel=\"stylesheet\" href=\"https:\/\/fboguatemala.com\/wp-content\/plugins\/elementor\/assets\/css\/widget-icon-list.min.css\">\t\t<ul class=\"elementor-icon-list-items\">\n\t\t\t\t\t\t\t<li class=\"elementor-icon-list-item\">\n\t\t\t\t\t\t\t\t\t\t\t<span class=\"elementor-icon-list-icon\">\n\t\t\t\t\t\t\t<svg xmlns=\"http:\/\/www.w3.org\/2000\/svg\" xmlns:xlink=\"http:\/\/www.w3.org\/1999\/xlink\" id=\"Layer_1\" x=\"0px\" y=\"0px\" width=\"217.93px\" height=\"217.93px\" viewbox=\"0 0 217.93 217.93\" xml:space=\"preserve\"><path fill=\"#0D2C42\" d=\"M153.395,98.658h-0.008l-27.098,0.019l-25.92-41.407l-15.137,0.01l12.973,41.416l-23.832,0.017L66.6,88.361 l-12.328,0.011l5.906,20.616l-5.879,20.626l12.328-0.012l7.76-10.359l23.834-0.017L85.303,160.66l15.139-0.01l25.861-41.443 l27.096-0.018c2.631-0.002,5.256-1.119,7.201-3.066c1.945-1.948,3.061-4.573,3.059-7.206 C163.652,103.354,158.955,98.658,153.395,98.658\"><\/path><\/svg>\t\t\t\t\t\t<\/span>\n\t\t\t\t\t\t\t\t\t\t<span class=\"elementor-icon-list-text\">FOOD SERVICES<\/span>\n\t\t\t\t\t\t\t\t\t<\/li>\n\t\t\t\t\t\t\t\t<li class=\"elementor-icon-list-item\">\n\t\t\t\t\t\t\t\t\t\t\t<span class=\"elementor-icon-list-icon\">\n\t\t\t\t\t\t\t<svg xmlns=\"http:\/\/www.w3.org\/2000\/svg\" xmlns:xlink=\"http:\/\/www.w3.org\/1999\/xlink\" id=\"Layer_1\" x=\"0px\" y=\"0px\" width=\"217.93px\" height=\"217.93px\" viewbox=\"0 0 217.93 217.93\" xml:space=\"preserve\"><path fill=\"#0D2C42\" d=\"M153.395,98.658h-0.008l-27.098,0.019l-25.92-41.407l-15.137,0.01l12.973,41.416l-23.832,0.017L66.6,88.361 l-12.328,0.011l5.906,20.616l-5.879,20.626l12.328-0.012l7.76-10.359l23.834-0.017L85.303,160.66l15.139-0.01l25.861-41.443 l27.096-0.018c2.631-0.002,5.256-1.119,7.201-3.066c1.945-1.948,3.061-4.573,3.059-7.206 C163.652,103.354,158.955,98.658,153.395,98.658\"><\/path><\/svg>\t\t\t\t\t\t<\/span>\n\t\t\t\t\t\t\t\t\t\t<span class=\"elementor-icon-list-text\">HOTEL RESERVATIONS<\/span>\n\t\t\t\t\t\t\t\t\t<\/li>\n\t\t\t\t\t\t\t\t<li class=\"elementor-icon-list-item\">\n\t\t\t\t\t\t\t\t\t\t\t<span class=\"elementor-icon-list-icon\">\n\t\t\t\t\t\t\t<svg xmlns=\"http:\/\/www.w3.org\/2000\/svg\" xmlns:xlink=\"http:\/\/www.w3.org\/1999\/xlink\" id=\"Layer_1\" x=\"0px\" y=\"0px\" width=\"217.93px\" height=\"217.93px\" viewbox=\"0 0 217.93 217.93\" xml:space=\"preserve\"><path fill=\"#0D2C42\" d=\"M153.395,98.658h-0.008l-27.098,0.019l-25.92-41.407l-15.137,0.01l12.973,41.416l-23.832,0.017L66.6,88.361 l-12.328,0.011l5.906,20.616l-5.879,20.626l12.328-0.012l7.76-10.359l23.834-0.017L85.303,160.66l15.139-0.01l25.861-41.443 l27.096-0.018c2.631-0.002,5.256-1.119,7.201-3.066c1.945-1.948,3.061-4.573,3.059-7.206 C163.652,103.354,158.955,98.658,153.395,98.658\"><\/path><\/svg>\t\t\t\t\t\t<\/span>\n\t\t\t\t\t\t\t\t\t\t<span class=\"elementor-icon-list-text\">CREW AND PASSENGER TRANSPORTATION<\/span>\n\t\t\t\t\t\t\t\t\t<\/li>\n\t\t\t\t\t\t\t\t<li class=\"elementor-icon-list-item\">\n\t\t\t\t\t\t\t\t\t\t\t<span class=\"elementor-icon-list-icon\">\n\t\t\t\t\t\t\t<svg xmlns=\"http:\/\/www.w3.org\/2000\/svg\" xmlns:xlink=\"http:\/\/www.w3.org\/1999\/xlink\" id=\"Layer_1\" x=\"0px\" y=\"0px\" width=\"217.93px\" height=\"217.93px\" viewbox=\"0 0 217.93 217.93\" xml:space=\"preserve\"><path fill=\"#0D2C42\" d=\"M153.395,98.658h-0.008l-27.098,0.019l-25.92-41.407l-15.137,0.01l12.973,41.416l-23.832,0.017L66.6,88.361 l-12.328,0.011l5.906,20.616l-5.879,20.626l12.328-0.012l7.76-10.359l23.834-0.017L85.303,160.66l15.139-0.01l25.861-41.443 l27.096-0.018c2.631-0.002,5.256-1.119,7.201-3.066c1.945-1.948,3.061-4.573,3.059-7.206 C163.652,103.354,158.955,98.658,153.395,98.658\"><\/path><\/svg>\t\t\t\t\t\t<\/span>\n\t\t\t\t\t\t\t\t\t\t<span class=\"elementor-icon-list-text\">FLIGHT PLANNING AREA<\/span>\n\t\t\t\t\t\t\t\t\t<\/li>\n\t\t\t\t\t\t<\/ul>\n\t\t\t\t<\/div>\n\t\t\t\t<\/div>\n\t\t\t\t\t<\/div>\n\t\t<\/div>\n\t\t\t\t\t<\/div>\n\t\t<\/section>\n\t\t\t\t<\/div>","protected":false},"excerpt":{"rendered":"<p>Anterior Siguiente Servicios de Tripulaci\u00f3n SERVICIOS DE ALIMENTOS RESERVAS EN HOTELES TRANSPORTE DE TRIPULACI\u00d3N Y PASAJEROS AREA DE PLAN DE VUELO<\/p>","protected":false},"author":1,"featured_media":0,"parent":0,"menu_order":0,"comment_status":"closed","ping_status":"closed","template":"","meta":{"site-sidebar-layout":"no-sidebar","site-content-layout":"page-builder","ast-site-content-layout":"","site-content-style":"default","site-sidebar-style":"default","ast-global-header-display":"","ast-banner-title-visibility":"","ast-main-header-display":"","ast-hfb-above-header-display":"","ast-hfb-below-header-display":"","ast-hfb-mobile-header-display":"","site-post-title":"disabled","ast-breadcrumbs-content":"","ast-featured-img":"disabled","footer-sml-layout":"","theme-transparent-header-meta":"","adv-header-id-meta":"","stick-header-meta":"","header-above-stick-meta":"","header-main-stick-meta":"","header-below-stick-meta":"","astra-migrate-meta-layouts":"default","ast-page-background-enabled":"default","ast-page-background-meta":{"desktop":{"background-color":"var(--ast-global-color-4)","background-image":"","background-repeat":"repeat","background-position":"center center","background-size":"auto","background-attachment":"scroll","background-type":"","background-media":"","overlay-type":"","overlay-color":"","overlay-gradient":""},"tablet":{"background-color":"","background-image":"","background-repeat":"repeat","background-position":"center center","background-size":"auto","background-attachment":"scroll","background-type":"","background-media":"","overlay-type":"","overlay-color":"","overlay-gradient":""},"mobile":{"background-color":"","background-image":"","background-repeat":"repeat","background-position":"center center","background-size":"auto","background-attachment":"scroll","background-type":"","background-media":"","overlay-type":"","overlay-color":"","overlay-gradient":""}},"ast-content-background-meta":{"desktop":{"background-color":"var(--ast-global-color-5)","background-image":"","background-repeat":"repeat","background-position":"center center","background-size":"auto","background-attachment":"scroll","background-type":"","background-media":"","overlay-type":"","overlay-color":"","overlay-gradient":""},"tablet":{"background-color":"var(--ast-global-color-5)","background-image":"","background-repeat":"repeat","background-position":"center center","background-size":"auto","background-attachment":"scroll","background-type":"","background-media":"","overlay-type":"","overlay-color":"","overlay-gradient":""},"mobile":{"background-color":"var(--ast-global-color-5)","background-image":"","background-repeat":"repeat","background-position":"center center","background-size":"auto","background-attachment":"scroll","background-type":"","background-media":"","overlay-type":"","overlay-color":"","overlay-gradient":""}},"footnotes":""},"class_list":["post-46","page","type-page","status-publish","hentry"],"yoast_head":"<!-- This site is optimized with the Yoast SEO plugin v22.1 - https:\/\/yoast.com\/wordpress\/plugins\/seo\/ -->\n<title>Servicios de tripulaci\u00f3n | FBO Guatemala<\/title>\n<meta name=\"description\" content=\"Contamos con servicio de tripulaci\u00f3n, Alimentos, reservas en hoteles, transporte para tripulaci\u00f3n y pasajeros, contactanos. FBO Guatemala\" \/>\n<meta name=\"robots\" content=\"index, follow, max-snippet:-1, max-image-preview:large, max-video-preview:-1\" \/>\n<link rel=\"canonical\" href=\"https:\/\/fboguatemala.com\/en\/servicios-de-tripulacion\/\" \/>\n<meta property=\"og:locale\" content=\"en_US\" \/>\n<meta property=\"og:type\" content=\"article\" \/>\n<meta property=\"og:title\" content=\"Servicios de tripulaci\u00f3n | FBO Guatemala\" \/>\n<meta property=\"og:description\" content=\"Contamos con servicio de tripulaci\u00f3n, Alimentos, reservas en hoteles, transporte para tripulaci\u00f3n y pasajeros, contactanos. FBO Guatemala\" \/>\n<meta property=\"og:url\" content=\"https:\/\/fboguatemala.com\/en\/servicios-de-tripulacion\/\" \/>\n<meta property=\"og:site_name\" content=\"FBO Guatemala\" \/>\n<meta property=\"article:modified_time\" content=\"2022-01-12T14:25:20+00:00\" \/>\n<meta property=\"og:image\" content=\"https:\/\/fboguatemala.com\/wp-content\/uploads\/2022\/01\/WhatsApp-Image-2021-05-20-at-9.44.26-AM-768x449-1.jpeg\" \/>\n<meta name=\"twitter:card\" content=\"summary_large_image\" \/>\n<meta name=\"twitter:label1\" content=\"Est. reading time\" \/>\n\t<meta name=\"twitter:data1\" content=\"1 minute\" \/>\n<script type=\"application\/ld+json\" class=\"yoast-schema-graph\">{\"@context\":\"https:\/\/schema.org\",\"@graph\":[{\"@type\":\"WebPage\",\"@id\":\"https:\/\/fboguatemala.com\/servicios-de-tripulacion\/\",\"url\":\"https:\/\/fboguatemala.com\/servicios-de-tripulacion\/\",\"name\":\"Servicios de tripulaci\u00f3n | FBO Guatemala\",\"isPartOf\":{\"@id\":\"https:\/\/fboguatemala.com\/#website\"},\"datePublished\":\"2022-01-07T20:58:35+00:00\",\"dateModified\":\"2022-01-12T14:25:20+00:00\",\"description\":\"Contamos con servicio de tripulaci\u00f3n, Alimentos, reservas en hoteles, transporte para tripulaci\u00f3n y pasajeros, contactanos. FBO Guatemala\",\"breadcrumb\":{\"@id\":\"https:\/\/fboguatemala.com\/servicios-de-tripulacion\/#breadcrumb\"},\"inLanguage\":\"en-US\",\"potentialAction\":[{\"@type\":\"ReadAction\",\"target\":[\"https:\/\/fboguatemala.com\/servicios-de-tripulacion\/\"]}]},{\"@type\":\"BreadcrumbList\",\"@id\":\"https:\/\/fboguatemala.com\/servicios-de-tripulacion\/#breadcrumb\",\"itemListElement\":[{\"@type\":\"ListItem\",\"position\":1,\"name\":\"Portada\",\"item\":\"https:\/\/fboguatemala.com\/\"},{\"@type\":\"ListItem\",\"position\":2,\"name\":\"Servicios de tripulaci\u00f3n\"}]},{\"@type\":\"WebSite\",\"@id\":\"https:\/\/fboguatemala.com\/#website\",\"url\":\"https:\/\/fboguatemala.com\/\",\"name\":\"FBO Guatemala\",\"description\":\"\",\"publisher\":{\"@id\":\"https:\/\/fboguatemala.com\/#organization\"},\"potentialAction\":[{\"@type\":\"SearchAction\",\"target\":{\"@type\":\"EntryPoint\",\"urlTemplate\":\"https:\/\/fboguatemala.com\/?s={search_term_string}\"},\"query-input\":\"required name=search_term_string\"}],\"inLanguage\":\"en-US\"},{\"@type\":\"Organization\",\"@id\":\"https:\/\/fboguatemala.com\/#organization\",\"name\":\"FBO GUATEMALA\",\"url\":\"https:\/\/fboguatemala.com\/\",\"logo\":{\"@type\":\"ImageObject\",\"inLanguage\":\"en-US\",\"@id\":\"https:\/\/fboguatemala.com\/#\/schema\/logo\/image\/\",\"url\":\"https:\/\/fboguatemala.com\/wp-content\/uploads\/2022\/01\/FBO.png\",\"contentUrl\":\"https:\/\/fboguatemala.com\/wp-content\/uploads\/2022\/01\/FBO.png\",\"width\":672,\"height\":357,\"caption\":\"FBO GUATEMALA\"},\"image\":{\"@id\":\"https:\/\/fboguatemala.com\/#\/schema\/logo\/image\/\"}}]}<\/script>\n<!-- \/ Yoast SEO plugin. -->","yoast_head_json":{"title":"Servicios de tripulaci\u00f3n | FBO Guatemala","description":"Contamos con servicio de tripulaci\u00f3n, Alimentos, reservas en hoteles, transporte para tripulaci\u00f3n y pasajeros, contactanos. FBO Guatemala","robots":{"index":"index","follow":"follow","max-snippet":"max-snippet:-1","max-image-preview":"max-image-preview:large","max-video-preview":"max-video-preview:-1"},"canonical":"https:\/\/fboguatemala.com\/en\/servicios-de-tripulacion\/","og_locale":"en_US","og_type":"article","og_title":"Servicios de tripulaci\u00f3n | FBO Guatemala","og_description":"Contamos con servicio de tripulaci\u00f3n, Alimentos, reservas en hoteles, transporte para tripulaci\u00f3n y pasajeros, contactanos. FBO Guatemala","og_url":"https:\/\/fboguatemala.com\/en\/servicios-de-tripulacion\/","og_site_name":"FBO Guatemala","article_modified_time":"2022-01-12T14:25:20+00:00","og_image":[{"url":"https:\/\/fboguatemala.com\/wp-content\/uploads\/2022\/01\/WhatsApp-Image-2021-05-20-at-9.44.26-AM-768x449-1.jpeg"}],"twitter_card":"summary_large_image","twitter_misc":{"Est. reading time":"1 minute"},"schema":{"@context":"https:\/\/schema.org","@graph":[{"@type":"WebPage","@id":"https:\/\/fboguatemala.com\/servicios-de-tripulacion\/","url":"https:\/\/fboguatemala.com\/servicios-de-tripulacion\/","name":"Servicios de tripulaci\u00f3n | FBO Guatemala","isPartOf":{"@id":"https:\/\/fboguatemala.com\/#website"},"datePublished":"2022-01-07T20:58:35+00:00","dateModified":"2022-01-12T14:25:20+00:00","description":"Contamos con servicio de tripulaci\u00f3n, Alimentos, reservas en hoteles, transporte para tripulaci\u00f3n y pasajeros, contactanos. FBO Guatemala","breadcrumb":{"@id":"https:\/\/fboguatemala.com\/servicios-de-tripulacion\/#breadcrumb"},"inLanguage":"en-US","potentialAction":[{"@type":"ReadAction","target":["https:\/\/fboguatemala.com\/servicios-de-tripulacion\/"]}]},{"@type":"BreadcrumbList","@id":"https:\/\/fboguatemala.com\/servicios-de-tripulacion\/#breadcrumb","itemListElement":[{"@type":"ListItem","position":1,"name":"Portada","item":"https:\/\/fboguatemala.com\/"},{"@type":"ListItem","position":2,"name":"Servicios de tripulaci\u00f3n"}]},{"@type":"WebSite","@id":"https:\/\/fboguatemala.com\/#website","url":"https:\/\/fboguatemala.com\/","name":"FBO Guatemala","description":"","publisher":{"@id":"https:\/\/fboguatemala.com\/#organization"},"potentialAction":[{"@type":"SearchAction","target":{"@type":"EntryPoint","urlTemplate":"https:\/\/fboguatemala.com\/?s={search_term_string}"},"query-input":"required name=search_term_string"}],"inLanguage":"en-US"},{"@type":"Organization","@id":"https:\/\/fboguatemala.com\/#organization","name":"FBO GUATEMALA","url":"https:\/\/fboguatemala.com\/","logo":{"@type":"ImageObject","inLanguage":"en-US","@id":"https:\/\/fboguatemala.com\/#\/schema\/logo\/image\/","url":"https:\/\/fboguatemala.com\/wp-content\/uploads\/2022\/01\/FBO.png","contentUrl":"https:\/\/fboguatemala.com\/wp-content\/uploads\/2022\/01\/FBO.png","width":672,"height":357,"caption":"FBO GUATEMALA"},"image":{"@id":"https:\/\/fboguatemala.com\/#\/schema\/logo\/image\/"}}]}},"_links":{"self":[{"href":"https:\/\/fboguatemala.com\/en\/wp-json\/wp\/v2\/pages\/46","targetHints":{"allow":["GET"]}}],"collection":[{"href":"https:\/\/fboguatemala.com\/en\/wp-json\/wp\/v2\/pages"}],"about":[{"href":"https:\/\/fboguatemala.com\/en\/wp-json\/wp\/v2\/types\/page"}],"author":[{"embeddable":true,"href":"https:\/\/fboguatemala.com\/en\/wp-json\/wp\/v2\/users\/1"}],"replies":[{"embeddable":true,"href":"https:\/\/fboguatemala.com\/en\/wp-json\/wp\/v2\/comments?post=46"}],"version-history":[{"count":12,"href":"https:\/\/fboguatemala.com\/en\/wp-json\/wp\/v2\/pages\/46\/revisions"}],"predecessor-version":[{"id":302,"href":"https:\/\/fboguatemala.com\/en\/wp-json\/wp\/v2\/pages\/46\/revisions\/302"}],"wp:attachment":[{"href":"https:\/\/fboguatemala.com\/en\/wp-json\/wp\/v2\/media?parent=46"}],"curies":[{"name":"wp","href":"https:\/\/api.w.org\/{rel}","templated":true}]}}